{"id":9090,"date":"2024-08-25T18:28:44","date_gmt":"2024-08-25T22:28:44","guid":{"rendered":"https:\/\/esimard.com\/television\/"},"modified":"2024-08-25T18:58:41","modified_gmt":"2024-08-25T22:58:41","slug":"television","status":"publish","type":"page","link":"https:\/\/esimard.com\/en\/television\/","title":{"rendered":"Television"},"content":{"rendered":"\t\t<div data-elementor-type=\"wp-page\" data-elementor-id=\"9090\" class=\"elementor elementor-9090 elementor-9067\">\n\t\t\t\t\t\t<section class=\"elementor-section elementor-top-section elementor-element elementor-element-f2e7468 elementor-section-boxed elementor-section-height-default elementor-section-height-default\" data-id=\"f2e7468\" data-element_type=\"section\" data-e-type=\"section\" data-settings=\"{&quot;jet_parallax_layout_list&quot;:[{&quot;jet_parallax_layout_image&quot;:{&quot;url&quot;:&quot;&quot;,&quot;id&quot;:&quot;&quot;,&quot;size&quot;:&quot;&quot;},&quot;_id&quot;:&quot;df8182d&quot;,&quot;jet_parallax_layout_image_tablet&quot;:{&quot;url&quot;:&quot;&quot;,&quot;id&quot;:&quot;&quot;,&quot;size&quot;:&quot;&quot;},&quot;jet_parallax_layout_image_mobile&quot;:{&quot;url&quot;:&quot;&quot;,&quot;id&quot;:&quot;&quot;,&quot;size&quot;:&quot;&quot;},&quot;jet_parallax_layout_speed&quot;:{&quot;unit&quot;:&quot;%&quot;,&quot;size&quot;:50,&quot;sizes&quot;:[]},&quot;jet_parallax_layout_type&quot;:&quot;scroll&quot;,&quot;jet_parallax_layout_direction&quot;:&quot;1&quot;,&quot;jet_parallax_layout_fx_direction&quot;:null,&quot;jet_parallax_layout_z_index&quot;:&quot;&quot;,&quot;jet_parallax_layout_bg_x&quot;:50,&quot;jet_parallax_layout_bg_y&quot;:50,&quot;jet_parallax_layout_bg_size&quot;:&quot;auto&quot;,&quot;jet_parallax_layout_animation_prop&quot;:&quot;transform&quot;,&quot;jet_parallax_layout_on&quot;:[&quot;desktop&quot;,&quot;tablet&quot;],&quot;jet_parallax_layout_bg_x_tablet&quot;:&quot;&quot;,&quot;jet_parallax_layout_bg_x_mobile&quot;:&quot;&quot;,&quot;jet_parallax_layout_bg_y_tablet&quot;:&quot;&quot;,&quot;jet_parallax_layout_bg_y_mobile&quot;:&quot;&quot;,&quot;jet_parallax_layout_bg_size_tablet&quot;:&quot;&quot;,&quot;jet_parallax_layout_bg_size_mobile&quot;:&quot;&quot;}]}\">\n\t\t\t\t\t\t<div class=\"elementor-container elementor-column-gap-default\">\n\t\t\t\t\t<div class=\"elementor-column elementor-col-25 elementor-top-column elementor-element elementor-element-daefa1e\" data-id=\"daefa1e\" data-element_type=\"column\" data-e-type=\"column\">\n\t\t\t<div class=\"elementor-widget-wrap elementor-element-populated\">\n\t\t\t\t\t\t<div class=\"elementor-element elementor-element-a253db7 elementor-widget elementor-widget-image\" data-id=\"a253db7\" data-element_type=\"widget\" data-e-type=\"widget\" data-widget_type=\"image.default\">\n\t\t\t\t<div class=\"elementor-widget-container\">\n\t\t\t\t\t\t\t\t\t\t\t\t\t\t\t\t<a href=\"https:\/\/esimard.com\/la-sante-autrement-saison-1\/\">\n\t\t\t\t\t\t\t<img fetchpriority=\"high\" decoding=\"async\" width=\"1024\" height=\"768\" src=\"https:\/\/esimard.com\/wp-content\/uploads\/2024\/08\/LSA-1-1024x768.png\" class=\"attachment-large size-large wp-image-9072\" alt=\"\" srcset=\"https:\/\/esimard.com\/wp-content\/uploads\/2024\/08\/LSA-1-1024x768.png 1024w, https:\/\/esimard.com\/wp-content\/uploads\/2024\/08\/LSA-1-300x225.png 300w, https:\/\/esimard.com\/wp-content\/uploads\/2024\/08\/LSA-1-768x576.png 768w, https:\/\/esimard.com\/wp-content\/uploads\/2024\/08\/LSA-1.png 1393w\" sizes=\"(max-width: 1024px) 100vw, 1024px\" \/>\t\t\t\t\t\t\t\t<\/a>\n\t\t\t\t\t\t\t\t\t\t\t\t\t\t\t<\/div>\n\t\t\t\t<\/div>\n\t\t\t\t<div class=\"elementor-element elementor-element-43d01d3 elementor-widget elementor-widget-heading\" data-id=\"43d01d3\" data-element_type=\"widget\" data-e-type=\"widget\" data-widget_type=\"heading.default\">\n\t\t\t\t<div class=\"elementor-widget-container\">\n\t\t\t\t\t<h6 class=\"elementor-heading-title elementor-size-default\"><a href=\"https:\/\/esimard.com\/la-sante-autrement-saison-1\/\">La sant\u00e9 autrement - Saison 1<\/a><\/h6>\t\t\t\t<\/div>\n\t\t\t\t<\/div>\n\t\t\t\t\t<\/div>\n\t\t<\/div>\n\t\t\t\t<div class=\"elementor-column elementor-col-25 elementor-top-column elementor-element elementor-element-bee8f77\" data-id=\"bee8f77\" data-element_type=\"column\" data-e-type=\"column\">\n\t\t\t<div class=\"elementor-widget-wrap elementor-element-populated\">\n\t\t\t\t\t\t<div class=\"elementor-element elementor-element-4b95673 elementor-widget elementor-widget-image\" data-id=\"4b95673\" data-element_type=\"widget\" data-e-type=\"widget\" data-widget_type=\"image.default\">\n\t\t\t\t<div class=\"elementor-widget-container\">\n\t\t\t\t\t\t\t\t\t\t\t\t\t\t\t\t<a href=\"https:\/\/esimard.com\/la-sante-autrement-saison-2\/\">\n\t\t\t\t\t\t\t<img fetchpriority=\"high\" decoding=\"async\" width=\"1024\" height=\"768\" src=\"https:\/\/esimard.com\/wp-content\/uploads\/2024\/08\/LSA-1-1024x768.png\" class=\"attachment-large size-large wp-image-9072\" alt=\"\" srcset=\"https:\/\/esimard.com\/wp-content\/uploads\/2024\/08\/LSA-1-1024x768.png 1024w, https:\/\/esimard.com\/wp-content\/uploads\/2024\/08\/LSA-1-300x225.png 300w, https:\/\/esimard.com\/wp-content\/uploads\/2024\/08\/LSA-1-768x576.png 768w, https:\/\/esimard.com\/wp-content\/uploads\/2024\/08\/LSA-1.png 1393w\" sizes=\"(max-width: 1024px) 100vw, 1024px\" \/>\t\t\t\t\t\t\t\t<\/a>\n\t\t\t\t\t\t\t\t\t\t\t\t\t\t\t<\/div>\n\t\t\t\t<\/div>\n\t\t\t\t<div class=\"elementor-element elementor-element-b2ced3d elementor-widget elementor-widget-heading\" data-id=\"b2ced3d\" data-element_type=\"widget\" data-e-type=\"widget\" data-widget_type=\"heading.default\">\n\t\t\t\t<div class=\"elementor-widget-container\">\n\t\t\t\t\t<h6 class=\"elementor-heading-title elementor-size-default\"><a href=\"https:\/\/esimard.com\/la-sante-autrement-saison-2\/\">La sant\u00e9 autrement - Saison 2<\/a><\/h6>\t\t\t\t<\/div>\n\t\t\t\t<\/div>\n\t\t\t\t\t<\/div>\n\t\t<\/div>\n\t\t\t\t<div class=\"elementor-column elementor-col-25 elementor-top-column elementor-element elementor-element-35f732a\" data-id=\"35f732a\" data-element_type=\"column\" data-e-type=\"column\">\n\t\t\t<div class=\"elementor-widget-wrap elementor-element-populated\">\n\t\t\t\t\t\t<div class=\"elementor-element elementor-element-c2b1261 elementor-widget elementor-widget-image\" data-id=\"c2b1261\" data-element_type=\"widget\" data-e-type=\"widget\" data-widget_type=\"image.default\">\n\t\t\t\t<div class=\"elementor-widget-container\">\n\t\t\t\t\t\t\t\t\t\t\t\t\t\t\t\t<a href=\"https:\/\/esimard.com\/la-sante-autrement-saison-3\/\">\n\t\t\t\t\t\t\t<img fetchpriority=\"high\" decoding=\"async\" width=\"1024\" height=\"768\" src=\"https:\/\/esimard.com\/wp-content\/uploads\/2024\/08\/LSA-1-1024x768.png\" class=\"attachment-large size-large wp-image-9072\" alt=\"\" srcset=\"https:\/\/esimard.com\/wp-content\/uploads\/2024\/08\/LSA-1-1024x768.png 1024w, https:\/\/esimard.com\/wp-content\/uploads\/2024\/08\/LSA-1-300x225.png 300w, https:\/\/esimard.com\/wp-content\/uploads\/2024\/08\/LSA-1-768x576.png 768w, https:\/\/esimard.com\/wp-content\/uploads\/2024\/08\/LSA-1.png 1393w\" sizes=\"(max-width: 1024px) 100vw, 1024px\" \/>\t\t\t\t\t\t\t\t<\/a>\n\t\t\t\t\t\t\t\t\t\t\t\t\t\t\t<\/div>\n\t\t\t\t<\/div>\n\t\t\t\t<div class=\"elementor-element elementor-element-d5756b1 elementor-widget elementor-widget-heading\" data-id=\"d5756b1\" data-element_type=\"widget\" data-e-type=\"widget\" data-widget_type=\"heading.default\">\n\t\t\t\t<div class=\"elementor-widget-container\">\n\t\t\t\t\t<h6 class=\"elementor-heading-title elementor-size-default\"><a href=\"https:\/\/esimard.com\/la-sante-autrement-saison-3\/\">La sant\u00e9 autrement - Saison 3<\/a><\/h6>\t\t\t\t<\/div>\n\t\t\t\t<\/div>\n\t\t\t\t\t<\/div>\n\t\t<\/div>\n\t\t\t\t<div class=\"elementor-column elementor-col-25 elementor-top-column elementor-element elementor-element-2d92334\" data-id=\"2d92334\" data-element_type=\"column\" data-e-type=\"column\">\n\t\t\t<div class=\"elementor-widget-wrap elementor-element-populated\">\n\t\t\t\t\t\t<div class=\"elementor-element elementor-element-a2cd7d6 elementor-widget elementor-widget-image\" data-id=\"a2cd7d6\" data-element_type=\"widget\" data-e-type=\"widget\" data-widget_type=\"image.default\">\n\t\t\t\t<div class=\"elementor-widget-container\">\n\t\t\t\t\t\t\t\t\t\t\t\t\t\t\t\t<a href=\"https:\/\/esimard.com\/la-sante-autrement-saison-4\/\">\n\t\t\t\t\t\t\t<img fetchpriority=\"high\" decoding=\"async\" width=\"1024\" height=\"768\" src=\"https:\/\/esimard.com\/wp-content\/uploads\/2024\/08\/LSA-1-1024x768.png\" class=\"attachment-large size-large wp-image-9072\" alt=\"\" srcset=\"https:\/\/esimard.com\/wp-content\/uploads\/2024\/08\/LSA-1-1024x768.png 1024w, https:\/\/esimard.com\/wp-content\/uploads\/2024\/08\/LSA-1-300x225.png 300w, https:\/\/esimard.com\/wp-content\/uploads\/2024\/08\/LSA-1-768x576.png 768w, https:\/\/esimard.com\/wp-content\/uploads\/2024\/08\/LSA-1.png 1393w\" sizes=\"(max-width: 1024px) 100vw, 1024px\" \/>\t\t\t\t\t\t\t\t<\/a>\n\t\t\t\t\t\t\t\t\t\t\t\t\t\t\t<\/div>\n\t\t\t\t<\/div>\n\t\t\t\t<div class=\"elementor-element elementor-element-2bc5914 elementor-widget elementor-widget-heading\" data-id=\"2bc5914\" data-element_type=\"widget\" data-e-type=\"widget\" data-widget_type=\"heading.default\">\n\t\t\t\t<div class=\"elementor-widget-container\">\n\t\t\t\t\t<h6 class=\"elementor-heading-title elementor-size-default\"><a href=\"https:\/\/esimard.com\/la-sante-autrement-saison-3\/\">La sant\u00e9 autrement - Saison 4<\/a><\/h6>\t\t\t\t<\/div>\n\t\t\t\t<\/div>\n\t\t\t\t\t<\/div>\n\t\t<\/div>\n\t\t\t\t\t<\/div>\n\t\t<\/section>\n\t\t\t\t<section class=\"elementor-section elementor-top-section elementor-element elementor-element-82db1db elementor-section-boxed elementor-section-height-default elementor-section-height-default\" data-id=\"82db1db\" data-element_type=\"section\" data-e-type=\"section\" data-settings=\"{&quot;jet_parallax_layout_list&quot;:[{&quot;jet_parallax_layout_image&quot;:{&quot;url&quot;:&quot;&quot;,&quot;id&quot;:&quot;&quot;,&quot;size&quot;:&quot;&quot;},&quot;_id&quot;:&quot;df8182d&quot;,&quot;jet_parallax_layout_image_tablet&quot;:{&quot;url&quot;:&quot;&quot;,&quot;id&quot;:&quot;&quot;,&quot;size&quot;:&quot;&quot;},&quot;jet_parallax_layout_image_mobile&quot;:{&quot;url&quot;:&quot;&quot;,&quot;id&quot;:&quot;&quot;,&quot;size&quot;:&quot;&quot;},&quot;jet_parallax_layout_speed&quot;:{&quot;unit&quot;:&quot;%&quot;,&quot;size&quot;:50,&quot;sizes&quot;:[]},&quot;jet_parallax_layout_type&quot;:&quot;scroll&quot;,&quot;jet_parallax_layout_direction&quot;:&quot;1&quot;,&quot;jet_parallax_layout_fx_direction&quot;:null,&quot;jet_parallax_layout_z_index&quot;:&quot;&quot;,&quot;jet_parallax_layout_bg_x&quot;:50,&quot;jet_parallax_layout_bg_y&quot;:50,&quot;jet_parallax_layout_bg_size&quot;:&quot;auto&quot;,&quot;jet_parallax_layout_animation_prop&quot;:&quot;transform&quot;,&quot;jet_parallax_layout_on&quot;:[&quot;desktop&quot;,&quot;tablet&quot;],&quot;jet_parallax_layout_bg_x_tablet&quot;:&quot;&quot;,&quot;jet_parallax_layout_bg_x_mobile&quot;:&quot;&quot;,&quot;jet_parallax_layout_bg_y_tablet&quot;:&quot;&quot;,&quot;jet_parallax_layout_bg_y_mobile&quot;:&quot;&quot;,&quot;jet_parallax_layout_bg_size_tablet&quot;:&quot;&quot;,&quot;jet_parallax_layout_bg_size_mobile&quot;:&quot;&quot;}]}\">\n\t\t\t\t\t\t<div class=\"elementor-container elementor-column-gap-default\">\n\t\t\t\t\t<div class=\"elementor-column elementor-col-25 elementor-top-column elementor-element elementor-element-fd233e7\" data-id=\"fd233e7\" data-element_type=\"column\" data-e-type=\"column\">\n\t\t\t<div class=\"elementor-widget-wrap\">\n\t\t\t\t\t\t\t<\/div>\n\t\t<\/div>\n\t\t\t\t<div class=\"elementor-column elementor-col-25 elementor-top-column elementor-element elementor-element-202866b\" data-id=\"202866b\" data-element_type=\"column\" data-e-type=\"column\">\n\t\t\t<div class=\"elementor-widget-wrap elementor-element-populated\">\n\t\t\t\t\t\t<div class=\"elementor-element elementor-element-1c70c37 elementor-widget elementor-widget-image\" data-id=\"1c70c37\" data-element_type=\"widget\" data-e-type=\"widget\" data-widget_type=\"image.default\">\n\t\t\t\t<div class=\"elementor-widget-container\">\n\t\t\t\t\t\t\t\t\t\t\t\t\t\t\t\t<a href=\"https:\/\/esimard.com\/vivre-jeune-en-musique-et-en-sante\/\">\n\t\t\t\t\t\t\t<img decoding=\"async\" width=\"300\" height=\"225\" src=\"https:\/\/esimard.com\/wp-content\/uploads\/2024\/08\/television-e1570150077676-300x225.jpg\" class=\"attachment-medium size-medium wp-image-9076\" alt=\"\" srcset=\"https:\/\/esimard.com\/wp-content\/uploads\/2024\/08\/television-e1570150077676-300x225.jpg 300w, https:\/\/esimard.com\/wp-content\/uploads\/2024\/08\/television-e1570150077676-768x576.jpg 768w, https:\/\/esimard.com\/wp-content\/uploads\/2024\/08\/television-e1570150077676.jpg 986w\" sizes=\"(max-width: 300px) 100vw, 300px\" \/>\t\t\t\t\t\t\t\t<\/a>\n\t\t\t\t\t\t\t\t\t\t\t\t\t\t\t<\/div>\n\t\t\t\t<\/div>\n\t\t\t\t<div class=\"elementor-element elementor-element-5744fa5 elementor-widget elementor-widget-heading\" data-id=\"5744fa5\" data-element_type=\"widget\" data-e-type=\"widget\" data-widget_type=\"heading.default\">\n\t\t\t\t<div class=\"elementor-widget-container\">\n\t\t\t\t\t<h6 class=\"elementor-heading-title elementor-size-default\"><a href=\"https:\/\/esimard.com\/vivre-jeune-en-musique-et-en-sante\/\">Vivre jeune en musique et en sant\u00e9<\/a><\/h6>\t\t\t\t<\/div>\n\t\t\t\t<\/div>\n\t\t\t\t\t<\/div>\n\t\t<\/div>\n\t\t\t\t<div class=\"elementor-column elementor-col-25 elementor-top-column elementor-element elementor-element-10f94a5\" data-id=\"10f94a5\" data-element_type=\"column\" data-e-type=\"column\">\n\t\t\t<div class=\"elementor-widget-wrap elementor-element-populated\">\n\t\t\t\t\t\t<div class=\"elementor-element elementor-element-f014aff elementor-widget elementor-widget-image\" data-id=\"f014aff\" data-element_type=\"widget\" data-e-type=\"widget\" data-widget_type=\"image.default\">\n\t\t\t\t<div class=\"elementor-widget-container\">\n\t\t\t\t\t\t\t\t\t\t\t\t\t\t\t\t<a href=\"https:\/\/esimard.com\/entrevues\/\">\n\t\t\t\t\t\t\t<img decoding=\"async\" width=\"1024\" height=\"768\" src=\"https:\/\/esimard.com\/wp-content\/uploads\/2024\/08\/entrevues-1024x768.jpg\" class=\"attachment-large size-large wp-image-9080\" alt=\"\" srcset=\"https:\/\/esimard.com\/wp-content\/uploads\/2024\/08\/entrevues-1024x768.jpg 1024w, https:\/\/esimard.com\/wp-content\/uploads\/2024\/08\/entrevues-300x225.jpg 300w, https:\/\/esimard.com\/wp-content\/uploads\/2024\/08\/entrevues-768x576.jpg 768w, https:\/\/esimard.com\/wp-content\/uploads\/2024\/08\/entrevues-1536x1152.jpg 1536w, https:\/\/esimard.com\/wp-content\/uploads\/2024\/08\/entrevues.jpg 1706w\" sizes=\"(max-width: 1024px) 100vw, 1024px\" \/>\t\t\t\t\t\t\t\t<\/a>\n\t\t\t\t\t\t\t\t\t\t\t\t\t\t\t<\/div>\n\t\t\t\t<\/div>\n\t\t\t\t<div class=\"elementor-element elementor-element-20b3ef5 elementor-widget elementor-widget-heading\" data-id=\"20b3ef5\" data-element_type=\"widget\" data-e-type=\"widget\" data-widget_type=\"heading.default\">\n\t\t\t\t<div class=\"elementor-widget-container\">\n\t\t\t\t\t<h6 class=\"elementor-heading-title elementor-size-default\"><a href=\"https:\/\/esimard.com\/entrevues\/\">Entrevues<\/a><\/h6>\t\t\t\t<\/div>\n\t\t\t\t<\/div>\n\t\t\t\t\t<\/div>\n\t\t<\/div>\n\t\t\t\t<div class=\"elementor-column elementor-col-25 elementor-top-column elementor-element elementor-element-28a72b9\" data-id=\"28a72b9\" data-element_type=\"column\" data-e-type=\"column\">\n\t\t\t<div class=\"elementor-widget-wrap\">\n\t\t\t\t\t\t\t<\/div>\n\t\t<\/div>\n\t\t\t\t\t<\/div>\n\t\t<\/section>\n\t\t\t\t<\/div>\n\t\t","protected":false},"excerpt":{"rendered":"<p>La sant\u00e9 autrement &#8211; Saison 1 La sant\u00e9 autrement &#8211; Saison 2 La sant\u00e9 autrement &#8211; Saison 3 La sant\u00e9 autrement &#8211; Saison 4 Vivre jeune en musique et en [&hellip;]<\/p>\n","protected":false},"author":1,"featured_media":0,"parent":0,"menu_order":0,"comment_status":"closed","ping_status":"closed","template":"","meta":{"_acf_changed":false,"footnotes":""},"class_list":["post-9090","page","type-page","status-publish","hentry"],"acf":[],"yoast_head":"<!-- This site is optimized with the Yoast SEO plugin v27.0 - https:\/\/yoast.com\/product\/yoast-seo-wordpress\/ -->\n<title>Television | Priorit\u00e9 bien vieillir - Eric Simard<\/title>\n<meta name=\"description\" content=\"La sant\u00e9 autrement - Saison 1 La sant\u00e9 autrement - Saison 2 La sant\u00e9 autrement - Saison 3 La sant\u00e9 autrement - Saison 4 Vivre jeune en musique et en sant\u00e9\" \/>\n<meta name=\"robots\" content=\"index, follow, max-snippet:-1, max-image-preview:large, max-video-preview:-1\" \/>\n<link rel=\"canonical\" href=\"https:\/\/esimard.com\/television\/\" \/>\n<meta property=\"og:locale\" content=\"en_US\" \/>\n<meta property=\"og:type\" content=\"article\" \/>\n<meta property=\"og:title\" content=\"Television | Priorit\u00e9 bien vieillir - Eric Simard\" \/>\n<meta property=\"og:description\" content=\"La sant\u00e9 autrement - Saison 1 La sant\u00e9 autrement - Saison 2 La sant\u00e9 autrement - Saison 3 La sant\u00e9 autrement - Saison 4 Vivre jeune en musique et en sant\u00e9\" \/>\n<meta property=\"og:url\" content=\"https:\/\/esimard.com\/television\/\" \/>\n<meta property=\"og:site_name\" content=\"Priorit\u00e9 bien vieillir - Eric Simard\" \/>\n<meta property=\"article:publisher\" content=\"https:\/\/www.facebook.com\/649065642156416\" \/>\n<meta property=\"article:modified_time\" content=\"2024-08-25T22:58:41+00:00\" \/>\n<meta property=\"og:image\" content=\"https:\/\/esimard.com\/wp-content\/uploads\/2024\/08\/LSA-1-1024x768.png\" \/>\n<meta name=\"twitter:card\" content=\"summary_large_image\" \/>\n<script type=\"application\/ld+json\" class=\"yoast-schema-graph\">{\"@context\":\"https:\/\/schema.org\",\"@graph\":[{\"@type\":\"WebPage\",\"@id\":\"https:\/\/esimard.com\/television\/\",\"url\":\"https:\/\/esimard.com\/television\/\",\"name\":\"Television | Priorit\u00e9 bien vieillir - Eric Simard\",\"isPartOf\":{\"@id\":\"https:\/\/esimard.com\/#website\"},\"primaryImageOfPage\":{\"@id\":\"https:\/\/esimard.com\/television\/#primaryimage\"},\"image\":{\"@id\":\"https:\/\/esimard.com\/television\/#primaryimage\"},\"thumbnailUrl\":\"https:\/\/esimard.com\/wp-content\/uploads\/2024\/08\/LSA-1-1024x768.png\",\"datePublished\":\"2024-08-25T22:28:44+00:00\",\"dateModified\":\"2024-08-25T22:58:41+00:00\",\"description\":\"La sant\u00e9 autrement - Saison 1 La sant\u00e9 autrement - Saison 2 La sant\u00e9 autrement - Saison 3 La sant\u00e9 autrement - Saison 4 Vivre jeune en musique et en sant\u00e9\",\"breadcrumb\":{\"@id\":\"https:\/\/esimard.com\/television\/#breadcrumb\"},\"inLanguage\":\"en-US\",\"potentialAction\":[{\"@type\":\"ReadAction\",\"target\":[\"https:\/\/esimard.com\/television\/\"]}]},{\"@type\":\"ImageObject\",\"inLanguage\":\"en-US\",\"@id\":\"https:\/\/esimard.com\/television\/#primaryimage\",\"url\":\"https:\/\/esimard.com\/wp-content\/uploads\/2024\/08\/LSA-1-1024x768.png\",\"contentUrl\":\"https:\/\/esimard.com\/wp-content\/uploads\/2024\/08\/LSA-1-1024x768.png\"},{\"@type\":\"BreadcrumbList\",\"@id\":\"https:\/\/esimard.com\/television\/#breadcrumb\",\"itemListElement\":[{\"@type\":\"ListItem\",\"position\":1,\"name\":\"Accueil\",\"item\":\"https:\/\/esimard.com\/\"},{\"@type\":\"ListItem\",\"position\":2,\"name\":\"Television\"}]},{\"@type\":\"WebSite\",\"@id\":\"https:\/\/esimard.com\/#website\",\"url\":\"https:\/\/esimard.com\/\",\"name\":\"Priorit\u00e9 bien vieillir - Eric Simard\",\"description\":\"Priorit\u00e9 bien vieillir\",\"potentialAction\":[{\"@type\":\"SearchAction\",\"target\":{\"@type\":\"EntryPoint\",\"urlTemplate\":\"https:\/\/esimard.com\/?s={search_term_string}\"},\"query-input\":{\"@type\":\"PropertyValueSpecification\",\"valueRequired\":true,\"valueName\":\"search_term_string\"}}],\"inLanguage\":\"en-US\"}]}<\/script>\n<!-- \/ Yoast SEO plugin. -->","yoast_head_json":{"title":"Television | Priorit\u00e9 bien vieillir - Eric Simard","description":"La sant\u00e9 autrement - Saison 1 La sant\u00e9 autrement - Saison 2 La sant\u00e9 autrement - Saison 3 La sant\u00e9 autrement - Saison 4 Vivre jeune en musique et en sant\u00e9","robots":{"index":"index","follow":"follow","max-snippet":"max-snippet:-1","max-image-preview":"max-image-preview:large","max-video-preview":"max-video-preview:-1"},"canonical":"https:\/\/esimard.com\/television\/","og_locale":"en_US","og_type":"article","og_title":"Television | Priorit\u00e9 bien vieillir - Eric Simard","og_description":"La sant\u00e9 autrement - Saison 1 La sant\u00e9 autrement - Saison 2 La sant\u00e9 autrement - Saison 3 La sant\u00e9 autrement - Saison 4 Vivre jeune en musique et en sant\u00e9","og_url":"https:\/\/esimard.com\/television\/","og_site_name":"Priorit\u00e9 bien vieillir - Eric Simard","article_publisher":"https:\/\/www.facebook.com\/649065642156416","article_modified_time":"2024-08-25T22:58:41+00:00","og_image":[{"url":"https:\/\/esimard.com\/wp-content\/uploads\/2024\/08\/LSA-1-1024x768.png","type":"","width":"","height":""}],"twitter_card":"summary_large_image","schema":{"@context":"https:\/\/schema.org","@graph":[{"@type":"WebPage","@id":"https:\/\/esimard.com\/television\/","url":"https:\/\/esimard.com\/television\/","name":"Television | Priorit\u00e9 bien vieillir - Eric Simard","isPartOf":{"@id":"https:\/\/esimard.com\/#website"},"primaryImageOfPage":{"@id":"https:\/\/esimard.com\/television\/#primaryimage"},"image":{"@id":"https:\/\/esimard.com\/television\/#primaryimage"},"thumbnailUrl":"https:\/\/esimard.com\/wp-content\/uploads\/2024\/08\/LSA-1-1024x768.png","datePublished":"2024-08-25T22:28:44+00:00","dateModified":"2024-08-25T22:58:41+00:00","description":"La sant\u00e9 autrement - Saison 1 La sant\u00e9 autrement - Saison 2 La sant\u00e9 autrement - Saison 3 La sant\u00e9 autrement - Saison 4 Vivre jeune en musique et en sant\u00e9","breadcrumb":{"@id":"https:\/\/esimard.com\/television\/#breadcrumb"},"inLanguage":"en-US","potentialAction":[{"@type":"ReadAction","target":["https:\/\/esimard.com\/television\/"]}]},{"@type":"ImageObject","inLanguage":"en-US","@id":"https:\/\/esimard.com\/television\/#primaryimage","url":"https:\/\/esimard.com\/wp-content\/uploads\/2024\/08\/LSA-1-1024x768.png","contentUrl":"https:\/\/esimard.com\/wp-content\/uploads\/2024\/08\/LSA-1-1024x768.png"},{"@type":"BreadcrumbList","@id":"https:\/\/esimard.com\/television\/#breadcrumb","itemListElement":[{"@type":"ListItem","position":1,"name":"Accueil","item":"https:\/\/esimard.com\/"},{"@type":"ListItem","position":2,"name":"Television"}]},{"@type":"WebSite","@id":"https:\/\/esimard.com\/#website","url":"https:\/\/esimard.com\/","name":"Priorit\u00e9 bien vieillir - Eric Simard","description":"Priorit\u00e9 bien vieillir","potentialAction":[{"@type":"SearchAction","target":{"@type":"EntryPoint","urlTemplate":"https:\/\/esimard.com\/?s={search_term_string}"},"query-input":{"@type":"PropertyValueSpecification","valueRequired":true,"valueName":"search_term_string"}}],"inLanguage":"en-US"}]}},"_links":{"self":[{"href":"https:\/\/esimard.com\/en\/wp-json\/wp\/v2\/pages\/9090","targetHints":{"allow":["GET"]}}],"collection":[{"href":"https:\/\/esimard.com\/en\/wp-json\/wp\/v2\/pages"}],"about":[{"href":"https:\/\/esimard.com\/en\/wp-json\/wp\/v2\/types\/page"}],"author":[{"embeddable":true,"href":"https:\/\/esimard.com\/en\/wp-json\/wp\/v2\/users\/1"}],"replies":[{"embeddable":true,"href":"https:\/\/esimard.com\/en\/wp-json\/wp\/v2\/comments?post=9090"}],"version-history":[{"count":1,"href":"https:\/\/esimard.com\/en\/wp-json\/wp\/v2\/pages\/9090\/revisions"}],"predecessor-version":[{"id":9091,"href":"https:\/\/esimard.com\/en\/wp-json\/wp\/v2\/pages\/9090\/revisions\/9091"}],"wp:attachment":[{"href":"https:\/\/esimard.com\/en\/wp-json\/wp\/v2\/media?parent=9090"}],"curies":[{"name":"wp","href":"https:\/\/api.w.org\/{rel}","templated":true}]}}